{"id":473948,"date":"2025-10-09T15:05:25","date_gmt":"2025-10-09T13:05:25","guid":{"rendered":"https:\/\/shop.growdesign.dk\/item\/ciclamino-skaal-arena\/"},"modified":"2026-04-01T15:02:24","modified_gmt":"2026-04-01T13:02:24","slug":"ciclamino-skaal-arena","status":"publish","type":"product","link":"https:\/\/shop.growdesign.dk\/da\/item\/ciclamino-skaal-arena\/","title":{"rendered":"Ciclamino Bowl Arena (underfad \u00f823)"},"content":{"rendered":"<p>Terracotta sk\u00e5l med dr\u00e6n hul<br \/>\nunderfad til \u00f823cm<\/p>\n","protected":false},"excerpt":{"rendered":"<p>Terracotta sk\u00e5l med dr\u00e6n hul underfad til \u00f823cm<\/p>\n","protected":false},"featured_media":477260,"template":"","meta":{"_acf_changed":false},"product_brand":[],"product_cat":[16880,1102],"product_tag":[],"class_list":{"0":"post-473948","1":"product","2":"type-product","3":"status-publish","4":"has-post-thumbnail","6":"product_cat-terracotta","7":"product_cat-terracotta-italy","8":"pa_farve-terracotta","9":"pa_form-konisk","10":"pa_materiale-terracotta","11":"pa_overflade-antik","12":"pa_placering-indendoers","13":"pa_placering-udendoers","15":"first","16":"instock","17":"taxable","18":"shipping-taxable","19":"product-type-simple"},"acf":{"medarbejder":[11163],"shipping_info":"","delivery_info":"10","backorder_qty":"","backorder_date":null},"_links":{"self":[{"href":"https:\/\/shop.growdesign.dk\/da\/wp-json\/wp\/v2\/product\/473948","targetHints":{"allow":["GET"]}}],"collection":[{"href":"https:\/\/shop.growdesign.dk\/da\/wp-json\/wp\/v2\/product"}],"about":[{"href":"https:\/\/shop.growdesign.dk\/da\/wp-json\/wp\/v2\/types\/product"}],"version-history":[{"count":5,"href":"https:\/\/shop.growdesign.dk\/da\/wp-json\/wp\/v2\/product\/473948\/revisions"}],"predecessor-version":[{"id":490100,"href":"https:\/\/shop.growdesign.dk\/da\/wp-json\/wp\/v2\/product\/473948\/revisions\/490100"}],"acf:post":[{"embeddable":true,"href":"https:\/\/shop.growdesign.dk\/da\/wp-json\/wp\/v2\/medarbejder\/11163"}],"wp:featuredmedia":[{"embeddable":true,"href":"https:\/\/shop.growdesign.dk\/da\/wp-json\/wp\/v2\/media\/477260"}],"wp:attachment":[{"href":"https:\/\/shop.growdesign.dk\/da\/wp-json\/wp\/v2\/media?parent=473948"}],"wp:term":[{"taxonomy":"product_brand","embeddable":true,"href":"https:\/\/shop.growdesign.dk\/da\/wp-json\/wp\/v2\/product_brand?post=473948"},{"taxonomy":"product_cat","embeddable":true,"href":"https:\/\/shop.growdesign.dk\/da\/wp-json\/wp\/v2\/product_cat?post=473948"},{"taxonomy":"product_tag","embeddable":true,"href":"https:\/\/shop.growdesign.dk\/da\/wp-json\/wp\/v2\/product_tag?post=473948"}],"curies":[{"name":"wp","href":"https:\/\/api.w.org\/{rel}","templated":true}]}}