{"id":475654,"date":"2025-10-13T11:30:38","date_gmt":"2025-10-13T09:30:38","guid":{"rendered":"https:\/\/shop.growdesign.dk\/da\/item\/doppio-bordo-vulcano-choko-3\/"},"modified":"2026-04-14T15:12:25","modified_gmt":"2026-04-14T13:12:25","slug":"doppio-bordo-vulcano-choko-3","status":"publish","type":"product","link":"https:\/\/shop.growdesign.dk\/da\/item\/doppio-bordo-vulcano-choko-3\/","title":{"rendered":"Doppio Bordo Vulcano (underfad \u00f836)"},"content":{"rendered":"<p>Udg\u00e5r af sortiment<br \/>\nUrtepotte med dr\u00e6n, stabelbar<br \/>\nUnderfad til \u00f836cm<\/p>\n","protected":false},"excerpt":{"rendered":"<p>Udg\u00e5r af sortiment Urtepotte med dr\u00e6n, stabelbar Underfad til \u00f836cm<\/p>\n","protected":false},"featured_media":477283,"template":"","meta":{"_acf_changed":false},"product_brand":[],"product_cat":[1094,16880,1102],"product_tag":[],"class_list":{"0":"post-475654","1":"product","2":"type-product","3":"status-publish","4":"has-post-thumbnail","6":"product_cat-alle-krukker","7":"product_cat-terracotta","8":"product_cat-terracotta-italy","9":"pa_farve-choko","10":"pa_form-konisk","11":"pa_materiale-terracotta","12":"pa_placering-indendoers","13":"pa_placering-udendoers","15":"first","16":"instock","17":"taxable","18":"shipping-taxable","19":"product-type-simple"},"acf":{"medarbejder":[11163],"shipping_info":"","delivery_info":"10","backorder_qty":"","backorder_date":null},"_links":{"self":[{"href":"https:\/\/shop.growdesign.dk\/da\/wp-json\/wp\/v2\/product\/475654","targetHints":{"allow":["GET"]}}],"collection":[{"href":"https:\/\/shop.growdesign.dk\/da\/wp-json\/wp\/v2\/product"}],"about":[{"href":"https:\/\/shop.growdesign.dk\/da\/wp-json\/wp\/v2\/types\/product"}],"version-history":[{"count":5,"href":"https:\/\/shop.growdesign.dk\/da\/wp-json\/wp\/v2\/product\/475654\/revisions"}],"predecessor-version":[{"id":505183,"href":"https:\/\/shop.growdesign.dk\/da\/wp-json\/wp\/v2\/product\/475654\/revisions\/505183"}],"acf:post":[{"embeddable":true,"href":"https:\/\/shop.growdesign.dk\/da\/wp-json\/wp\/v2\/medarbejder\/11163"}],"wp:featuredmedia":[{"embeddable":true,"href":"https:\/\/shop.growdesign.dk\/da\/wp-json\/wp\/v2\/media\/477283"}],"wp:attachment":[{"href":"https:\/\/shop.growdesign.dk\/da\/wp-json\/wp\/v2\/media?parent=475654"}],"wp:term":[{"taxonomy":"product_brand","embeddable":true,"href":"https:\/\/shop.growdesign.dk\/da\/wp-json\/wp\/v2\/product_brand?post=475654"},{"taxonomy":"product_cat","embeddable":true,"href":"https:\/\/shop.growdesign.dk\/da\/wp-json\/wp\/v2\/product_cat?post=475654"},{"taxonomy":"product_tag","embeddable":true,"href":"https:\/\/shop.growdesign.dk\/da\/wp-json\/wp\/v2\/product_tag?post=475654"}],"curies":[{"name":"wp","href":"https:\/\/api.w.org\/{rel}","templated":true}]}}