{"id":476456,"date":"2025-10-20T17:28:25","date_gmt":"2025-10-20T15:28:25","guid":{"rendered":"https:\/\/shop.growdesign.dk\/da\/item\/vaso-alto-arena-23\/"},"modified":"2026-04-01T15:02:19","modified_gmt":"2026-04-01T13:02:19","slug":"vaso-alto-arena-23","status":"publish","type":"product","link":"https:\/\/shop.growdesign.dk\/da\/item\/vaso-alto-arena-23\/","title":{"rendered":"Vaso Alto Arena (underfad \u00f823)"},"content":{"rendered":"<p>h\u00f8j krukke med dr\u00e6n<\/p>\n","protected":false},"excerpt":{"rendered":"<p>h\u00f8j krukke med dr\u00e6n<\/p>\n","protected":false},"featured_media":477389,"template":"","meta":{"_acf_changed":false},"product_brand":[],"product_cat":[1102],"product_tag":[],"class_list":{"0":"post-476456","1":"product","2":"type-product","3":"status-publish","4":"has-post-thumbnail","6":"product_cat-terracotta-italy","7":"pa_farve-terracotta-antik","8":"pa_form-konisk","9":"pa_materiale-terracotta","10":"pa_overflade-antik","11":"pa_placering-indendoers","12":"pa_placering-udendoers","14":"first","15":"instock","16":"taxable","17":"shipping-taxable","18":"product-type-simple"},"acf":{"medarbejder":[34312],"shipping_info":"","delivery_info":"10","backorder_qty":"","backorder_date":null},"_links":{"self":[{"href":"https:\/\/shop.growdesign.dk\/da\/wp-json\/wp\/v2\/product\/476456","targetHints":{"allow":["GET"]}}],"collection":[{"href":"https:\/\/shop.growdesign.dk\/da\/wp-json\/wp\/v2\/product"}],"about":[{"href":"https:\/\/shop.growdesign.dk\/da\/wp-json\/wp\/v2\/types\/product"}],"version-history":[{"count":2,"href":"https:\/\/shop.growdesign.dk\/da\/wp-json\/wp\/v2\/product\/476456\/revisions"}],"predecessor-version":[{"id":490101,"href":"https:\/\/shop.growdesign.dk\/da\/wp-json\/wp\/v2\/product\/476456\/revisions\/490101"}],"acf:post":[{"embeddable":true,"href":"https:\/\/shop.growdesign.dk\/da\/wp-json\/wp\/v2\/medarbejder\/34312"}],"wp:featuredmedia":[{"embeddable":true,"href":"https:\/\/shop.growdesign.dk\/da\/wp-json\/wp\/v2\/media\/477389"}],"wp:attachment":[{"href":"https:\/\/shop.growdesign.dk\/da\/wp-json\/wp\/v2\/media?parent=476456"}],"wp:term":[{"taxonomy":"product_brand","embeddable":true,"href":"https:\/\/shop.growdesign.dk\/da\/wp-json\/wp\/v2\/product_brand?post=476456"},{"taxonomy":"product_cat","embeddable":true,"href":"https:\/\/shop.growdesign.dk\/da\/wp-json\/wp\/v2\/product_cat?post=476456"},{"taxonomy":"product_tag","embeddable":true,"href":"https:\/\/shop.growdesign.dk\/da\/wp-json\/wp\/v2\/product_tag?post=476456"}],"curies":[{"name":"wp","href":"https:\/\/api.w.org\/{rel}","templated":true}]}}