{"id":477849,"date":"2025-10-29T14:57:59","date_gmt":"2025-10-29T13:57:59","guid":{"rendered":"https:\/\/shop.growdesign.dk\/da\/item\/globee-ampel-eco-plast-in-box-5\/"},"modified":"2026-03-11T16:44:49","modified_gmt":"2026-03-11T15:44:49","slug":"globee-ampel-eco-plast-in-box-5","status":"publish","type":"product","link":"https:\/\/shop.growdesign.dk\/da\/item\/globee-ampel-eco-plast-in-box-5\/","title":{"rendered":"Globee Ampel ECO Plast in Box"},"content":{"rendered":"<p>Globee ball, kan bruges som ampel, h\u00e6nges p\u00e5 v\u00e6g eller stilles p\u00e5 bord<br \/>\nLeveres samlet i box<\/p>\n","protected":false},"excerpt":{"rendered":"<p>Globee ball, kan bruges som ampel, h\u00e6nges p\u00e5 v\u00e6g eller stilles p\u00e5 bord Leveres samlet i box<\/p>\n","protected":false},"featured_media":477852,"template":"","meta":{"_acf_changed":false},"product_brand":[],"product_cat":[1094,3056,1107],"product_tag":[],"class_list":{"0":"post-477849","1":"product","2":"type-product","3":"status-publish","4":"has-post-thumbnail","6":"product_cat-alle-krukker","7":"product_cat-ampler-og-wallhangers","8":"product_cat-kampagner","9":"pa_farve-antracit","10":"pa_form-rund","11":"pa_materiale-plastik","12":"pa_overflade-mat","13":"pa_placering-indendoers","14":"pa_placering-udendoers","16":"first","17":"outofstock","18":"sale","19":"taxable","20":"shipping-taxable","21":"product-type-simple"},"acf":{"medarbejder":[11163],"shipping_info":"","delivery_info":"1","backorder_qty":"","backorder_date":null},"_links":{"self":[{"href":"https:\/\/shop.growdesign.dk\/da\/wp-json\/wp\/v2\/product\/477849","targetHints":{"allow":["GET"]}}],"collection":[{"href":"https:\/\/shop.growdesign.dk\/da\/wp-json\/wp\/v2\/product"}],"about":[{"href":"https:\/\/shop.growdesign.dk\/da\/wp-json\/wp\/v2\/types\/product"}],"version-history":[{"count":1,"href":"https:\/\/shop.growdesign.dk\/da\/wp-json\/wp\/v2\/product\/477849\/revisions"}],"predecessor-version":[{"id":477854,"href":"https:\/\/shop.growdesign.dk\/da\/wp-json\/wp\/v2\/product\/477849\/revisions\/477854"}],"acf:post":[{"embeddable":true,"href":"https:\/\/shop.growdesign.dk\/da\/wp-json\/wp\/v2\/medarbejder\/11163"}],"wp:featuredmedia":[{"embeddable":true,"href":"https:\/\/shop.growdesign.dk\/da\/wp-json\/wp\/v2\/media\/477852"}],"wp:attachment":[{"href":"https:\/\/shop.growdesign.dk\/da\/wp-json\/wp\/v2\/media?parent=477849"}],"wp:term":[{"taxonomy":"product_brand","embeddable":true,"href":"https:\/\/shop.growdesign.dk\/da\/wp-json\/wp\/v2\/product_brand?post=477849"},{"taxonomy":"product_cat","embeddable":true,"href":"https:\/\/shop.growdesign.dk\/da\/wp-json\/wp\/v2\/product_cat?post=477849"},{"taxonomy":"product_tag","embeddable":true,"href":"https:\/\/shop.growdesign.dk\/da\/wp-json\/wp\/v2\/product_tag?post=477849"}],"curies":[{"name":"wp","href":"https:\/\/api.w.org\/{rel}","templated":true}]}}