{"id":478449,"date":"2025-11-04T14:32:15","date_gmt":"2025-11-04T13:32:15","guid":{"rendered":"https:\/\/shop.growdesign.dk\/da\/item\/hjulsaet-acacia-coaster-wheels-acacia\/"},"modified":"2026-04-15T20:58:01","modified_gmt":"2026-04-15T18:58:01","slug":"hjulsaet-acacia-coaster-wheels-acacia","status":"publish","type":"product","link":"https:\/\/shop.growdesign.dk\/da\/item\/hjulsaet-acacia-coaster-wheels-acacia\/","title":{"rendered":"Hjuls\u00e6t Acacia\/Coaster Acacia"},"content":{"rendered":"<p>Coaster wheels in acacia wood plastic wheels<br \/>\nHjuls\u00e6t i acaciatr\u00e6 med plasthjul<br \/>\nMax v\u00e6gt 80 kg<\/p>\n","protected":false},"excerpt":{"rendered":"<p>Coaster wheels in acacia wood plastic wheels Hjuls\u00e6t i acaciatr\u00e6 med plasthjul Max v\u00e6gt 80 kg<\/p>\n","protected":false},"featured_media":478451,"template":"","meta":{"_acf_changed":false},"product_brand":[],"product_cat":[16701,809],"product_tag":[],"class_list":{"0":"post-478449","1":"product","2":"type-product","3":"status-publish","4":"has-post-thumbnail","6":"product_cat-diverse","7":"product_cat-tilbehoer","8":"pa_farve-trae","9":"pa_form-rund","10":"pa_materiale-trae","11":"pa_placering-indendoers","13":"first","14":"instock","15":"taxable","16":"shipping-taxable","17":"product-type-simple"},"acf":{"medarbejder":[34312],"shipping_info":"","delivery_info":"11","backorder_qty":"","backorder_date":null},"_links":{"self":[{"href":"https:\/\/shop.growdesign.dk\/da\/wp-json\/wp\/v2\/product\/478449","targetHints":{"allow":["GET"]}}],"collection":[{"href":"https:\/\/shop.growdesign.dk\/da\/wp-json\/wp\/v2\/product"}],"about":[{"href":"https:\/\/shop.growdesign.dk\/da\/wp-json\/wp\/v2\/types\/product"}],"version-history":[{"count":2,"href":"https:\/\/shop.growdesign.dk\/da\/wp-json\/wp\/v2\/product\/478449\/revisions"}],"predecessor-version":[{"id":478465,"href":"https:\/\/shop.growdesign.dk\/da\/wp-json\/wp\/v2\/product\/478449\/revisions\/478465"}],"acf:post":[{"embeddable":true,"href":"https:\/\/shop.growdesign.dk\/da\/wp-json\/wp\/v2\/medarbejder\/34312"}],"wp:featuredmedia":[{"embeddable":true,"href":"https:\/\/shop.growdesign.dk\/da\/wp-json\/wp\/v2\/media\/478451"}],"wp:attachment":[{"href":"https:\/\/shop.growdesign.dk\/da\/wp-json\/wp\/v2\/media?parent=478449"}],"wp:term":[{"taxonomy":"product_brand","embeddable":true,"href":"https:\/\/shop.growdesign.dk\/da\/wp-json\/wp\/v2\/product_brand?post=478449"},{"taxonomy":"product_cat","embeddable":true,"href":"https:\/\/shop.growdesign.dk\/da\/wp-json\/wp\/v2\/product_cat?post=478449"},{"taxonomy":"product_tag","embeddable":true,"href":"https:\/\/shop.growdesign.dk\/da\/wp-json\/wp\/v2\/product_tag?post=478449"}],"curies":[{"name":"wp","href":"https:\/\/api.w.org\/{rel}","templated":true}]}}