{"id":485074,"date":"2026-02-06T11:32:32","date_gmt":"2026-02-06T10:32:32","guid":{"rendered":"https:\/\/shop.growdesign.dk\/da\/item\/caucasus-lava-high-rust-set-3\/"},"modified":"2026-04-01T15:02:02","modified_gmt":"2026-04-01T13:02:02","slug":"caucasus-lava-high-rust-set-3","status":"publish","type":"product","link":"https:\/\/shop.growdesign.dk\/da\/item\/caucasus-lava-high-rust-set-3\/","title":{"rendered":"Caucasus lava High Rust Set 3"},"content":{"rendered":"<p>Ceramic pot incl drain<br \/>\n\u00d854H66<br \/>\n\u00d842H50<br \/>\n\u00d830H35<\/p>\n","protected":false},"excerpt":{"rendered":"<p>Ceramic pot incl drain \u00d854H66 \u00d842H50 \u00d830H35<\/p>\n","protected":false},"featured_media":485078,"template":"","meta":{"_acf_changed":false},"product_brand":[],"product_cat":[1094,1106],"product_tag":[],"class_list":{"0":"post-485074","1":"product","2":"type-product","3":"status-publish","4":"has-post-thumbnail","6":"product_cat-alle-krukker","7":"product_cat-comming-soon","8":"pa_farve-rust","9":"pa_form-rund","10":"pa_materiale-keramik","11":"pa_overflade-lava","12":"pa_placering-indendoers","13":"pa_placering-udendoers","15":"first","16":"onbackorder","17":"taxable","18":"shipping-taxable","19":"product-type-simple"},"acf":{"medarbejder":[11163],"shipping_info":"","delivery_info":"2","backorder_qty":4,"backorder_date":"04\/20\/2026"},"_links":{"self":[{"href":"https:\/\/shop.growdesign.dk\/da\/wp-json\/wp\/v2\/product\/485074","targetHints":{"allow":["GET"]}}],"collection":[{"href":"https:\/\/shop.growdesign.dk\/da\/wp-json\/wp\/v2\/product"}],"about":[{"href":"https:\/\/shop.growdesign.dk\/da\/wp-json\/wp\/v2\/types\/product"}],"version-history":[{"count":1,"href":"https:\/\/shop.growdesign.dk\/da\/wp-json\/wp\/v2\/product\/485074\/revisions"}],"predecessor-version":[{"id":485080,"href":"https:\/\/shop.growdesign.dk\/da\/wp-json\/wp\/v2\/product\/485074\/revisions\/485080"}],"acf:post":[{"embeddable":true,"href":"https:\/\/shop.growdesign.dk\/da\/wp-json\/wp\/v2\/medarbejder\/11163"}],"wp:featuredmedia":[{"embeddable":true,"href":"https:\/\/shop.growdesign.dk\/da\/wp-json\/wp\/v2\/media\/485078"}],"wp:attachment":[{"href":"https:\/\/shop.growdesign.dk\/da\/wp-json\/wp\/v2\/media?parent=485074"}],"wp:term":[{"taxonomy":"product_brand","embeddable":true,"href":"https:\/\/shop.growdesign.dk\/da\/wp-json\/wp\/v2\/product_brand?post=485074"},{"taxonomy":"product_cat","embeddable":true,"href":"https:\/\/shop.growdesign.dk\/da\/wp-json\/wp\/v2\/product_cat?post=485074"},{"taxonomy":"product_tag","embeddable":true,"href":"https:\/\/shop.growdesign.dk\/da\/wp-json\/wp\/v2\/product_tag?post=485074"}],"curies":[{"name":"wp","href":"https:\/\/api.w.org\/{rel}","templated":true}]}}