{"id":485075,"date":"2026-02-06T11:32:36","date_gmt":"2026-02-06T10:32:36","guid":{"rendered":"https:\/\/shop.growdesign.dk\/da\/item\/dinara-antique-terracotta-exclusive-set-3\/"},"modified":"2026-04-17T15:40:57","modified_gmt":"2026-04-17T13:40:57","slug":"dinara-antique-terracotta-exclusive-set-3","status":"publish","type":"product","link":"https:\/\/shop.growdesign.dk\/da\/item\/dinara-antique-terracotta-exclusive-set-3\/","title":{"rendered":"Dinara Antique Terracotta exclusive Set\/3"},"content":{"rendered":"<p>Terracotta antique choco, incl drain<br \/>\n\u00d850H48<br \/>\n\u00d840H38<br \/>\n\u00d830H28<\/p>\n","protected":false},"excerpt":{"rendered":"<p>Terracotta antique choco, incl drain \u00d850H48 \u00d840H38 \u00d830H28<\/p>\n","protected":false},"featured_media":485079,"template":"","meta":{"_acf_changed":false},"product_brand":[],"product_cat":[1094,16907,1106,16880],"product_tag":[],"class_list":{"0":"post-485075","1":"product","2":"type-product","3":"status-publish","4":"has-post-thumbnail","6":"product_cat-alle-krukker","7":"product_cat-terracottaother","8":"product_cat-comming-soon","9":"product_cat-terracotta","10":"pa_farve-choko","11":"pa_form-rund","12":"pa_materiale-terracotta","13":"pa_overflade-antik","14":"pa_placering-indendoers","15":"pa_placering-udendoers","17":"first","18":"onbackorder","19":"taxable","20":"shipping-taxable","21":"product-type-simple"},"acf":{"medarbejder":[11163],"shipping_info":"","delivery_info":"2","backorder_qty":16,"backorder_date":"10\/10\/2026"},"_links":{"self":[{"href":"https:\/\/shop.growdesign.dk\/da\/wp-json\/wp\/v2\/product\/485075","targetHints":{"allow":["GET"]}}],"collection":[{"href":"https:\/\/shop.growdesign.dk\/da\/wp-json\/wp\/v2\/product"}],"about":[{"href":"https:\/\/shop.growdesign.dk\/da\/wp-json\/wp\/v2\/types\/product"}],"version-history":[{"count":1,"href":"https:\/\/shop.growdesign.dk\/da\/wp-json\/wp\/v2\/product\/485075\/revisions"}],"predecessor-version":[{"id":485081,"href":"https:\/\/shop.growdesign.dk\/da\/wp-json\/wp\/v2\/product\/485075\/revisions\/485081"}],"acf:post":[{"embeddable":true,"href":"https:\/\/shop.growdesign.dk\/da\/wp-json\/wp\/v2\/medarbejder\/11163"}],"wp:featuredmedia":[{"embeddable":true,"href":"https:\/\/shop.growdesign.dk\/da\/wp-json\/wp\/v2\/media\/485079"}],"wp:attachment":[{"href":"https:\/\/shop.growdesign.dk\/da\/wp-json\/wp\/v2\/media?parent=485075"}],"wp:term":[{"taxonomy":"product_brand","embeddable":true,"href":"https:\/\/shop.growdesign.dk\/da\/wp-json\/wp\/v2\/product_brand?post=485075"},{"taxonomy":"product_cat","embeddable":true,"href":"https:\/\/shop.growdesign.dk\/da\/wp-json\/wp\/v2\/product_cat?post=485075"},{"taxonomy":"product_tag","embeddable":true,"href":"https:\/\/shop.growdesign.dk\/da\/wp-json\/wp\/v2\/product_tag?post=485075"}],"curies":[{"name":"wp","href":"https:\/\/api.w.org\/{rel}","templated":true}]}}