{"id":491855,"date":"2026-03-04T01:33:08","date_gmt":"2026-03-04T00:33:08","guid":{"rendered":"https:\/\/shop.growdesign.dk\/da\/item\/epipremnum-champs-elysees\/"},"modified":"2026-04-22T13:26:37","modified_gmt":"2026-04-22T11:26:37","slug":"epipremnum-champs-elysees","status":"publish","type":"product","link":"https:\/\/shop.growdesign.dk\/da\/item\/epipremnum-champs-elysees\/","title":{"rendered":"Epipremnum Champs \u00c9lys\u00e9es"},"content":{"rendered":"<p>Epipremnum Champs \u00c9lys\u00e9es<\/p>\n","protected":false},"excerpt":{"rendered":"<p>Epipremnum Champs \u00c9lys\u00e9es<\/p>\n","protected":false},"featured_media":491918,"template":"","meta":{"_acf_changed":false},"product_brand":[],"product_cat":[801],"product_tag":[],"class_list":{"0":"post-491855","1":"product","2":"type-product","3":"status-publish","4":"has-post-thumbnail","6":"product_cat-indendoersplanter","7":"pa_farve-groen","8":"pa_placering-indendoers","9":"pa_plantetype-epipremnum","11":"first","12":"instock","13":"taxable","14":"shipping-taxable","15":"product-type-simple"},"acf":{"medarbejder":[34306],"shipping_info":"","delivery_info":"9","backorder_qty":"","backorder_date":null},"_links":{"self":[{"href":"https:\/\/shop.growdesign.dk\/da\/wp-json\/wp\/v2\/product\/491855","targetHints":{"allow":["GET"]}}],"collection":[{"href":"https:\/\/shop.growdesign.dk\/da\/wp-json\/wp\/v2\/product"}],"about":[{"href":"https:\/\/shop.growdesign.dk\/da\/wp-json\/wp\/v2\/types\/product"}],"version-history":[{"count":1,"href":"https:\/\/shop.growdesign.dk\/da\/wp-json\/wp\/v2\/product\/491855\/revisions"}],"predecessor-version":[{"id":491934,"href":"https:\/\/shop.growdesign.dk\/da\/wp-json\/wp\/v2\/product\/491855\/revisions\/491934"}],"acf:post":[{"embeddable":true,"href":"https:\/\/shop.growdesign.dk\/da\/wp-json\/wp\/v2\/medarbejder\/34306"}],"wp:featuredmedia":[{"embeddable":true,"href":"https:\/\/shop.growdesign.dk\/da\/wp-json\/wp\/v2\/media\/491918"}],"wp:attachment":[{"href":"https:\/\/shop.growdesign.dk\/da\/wp-json\/wp\/v2\/media?parent=491855"}],"wp:term":[{"taxonomy":"product_brand","embeddable":true,"href":"https:\/\/shop.growdesign.dk\/da\/wp-json\/wp\/v2\/product_brand?post=491855"},{"taxonomy":"product_cat","embeddable":true,"href":"https:\/\/shop.growdesign.dk\/da\/wp-json\/wp\/v2\/product_cat?post=491855"},{"taxonomy":"product_tag","embeddable":true,"href":"https:\/\/shop.growdesign.dk\/da\/wp-json\/wp\/v2\/product_tag?post=491855"}],"curies":[{"name":"wp","href":"https:\/\/api.w.org\/{rel}","templated":true}]}}