{"id":504552,"date":"2026-04-09T12:13:48","date_gmt":"2026-04-09T10:13:48","guid":{"rendered":"https:\/\/shop.growdesign.dk\/da\/item\/thames-fiberglas-eu-prep-wheels-black\/"},"modified":"2026-04-10T20:19:11","modified_gmt":"2026-04-10T18:19:11","slug":"thames-fiberglas-eu-prep-wheels-black","status":"publish","type":"product","link":"https:\/\/shop.growdesign.dk\/da\/item\/thames-fiberglas-eu-prep-wheels-black\/","title":{"rendered":"Thames Fiberglas EU Prep wheels Black"},"content":{"rendered":"<p>Thames Mat Fiberglas  &#8211; Frost resistant &#8211; When used Outdoor recormended hole in Bottom and well drained with Leca nuts and feets to rise it a bit from the surface &#8211; When used Indoor recormended Plastic Insert.<br \/>\nWheels for this planter LZA-13403<br \/>\nThames Mat Fiberglas &#8211; Frostsikker &#8211; Ved udebrug anbefales hul i bunden og dr\u00e6n med Leca, h\u00e6v krukken fra underlag med f\u00f8dder &#8211; Ved brug inde husk plastindsat.<\/p>\n","protected":false},"excerpt":{"rendered":"<p>Thames Mat Fiberglas &#8211; Frost resistant &#8211; When used Outdoor recormended hole in Bottom and well drained with Leca nuts and feets to rise it a bit from the surface &#8211; When used Indoor recormended Plastic Insert. Wheels for this planter LZA-13403 Thames Mat Fiberglas &#8211; Frostsikker &#8211; Ved udebrug anbefales hul i bunden og [&hellip;]<\/p>\n","protected":false},"featured_media":51316,"template":"","meta":{"_acf_changed":false},"product_brand":[2578],"product_cat":[1094],"product_tag":[],"class_list":{"0":"post-504552","1":"product","2":"type-product","3":"status-publish","4":"has-post-thumbnail","6":"product_brand-private-label-fiber","7":"product_cat-alle-krukker","8":"pa_farve-sort","9":"pa_form-rektangel","10":"pa_materiale-glasfiber","11":"pa_overflade-mat","12":"pa_placering-indendoers","13":"pa_placering-udendoers","14":"pa_struktur-struktur","16":"first","17":"instock","18":"taxable","19":"shipping-taxable","20":"product-type-simple"},"acf":{"medarbejder":[11163],"shipping_info":"","delivery_info":"11","backorder_qty":"","backorder_date":null},"_links":{"self":[{"href":"https:\/\/shop.growdesign.dk\/da\/wp-json\/wp\/v2\/product\/504552","targetHints":{"allow":["GET"]}}],"collection":[{"href":"https:\/\/shop.growdesign.dk\/da\/wp-json\/wp\/v2\/product"}],"about":[{"href":"https:\/\/shop.growdesign.dk\/da\/wp-json\/wp\/v2\/types\/product"}],"version-history":[{"count":0,"href":"https:\/\/shop.growdesign.dk\/da\/wp-json\/wp\/v2\/product\/504552\/revisions"}],"acf:post":[{"embeddable":true,"href":"https:\/\/shop.growdesign.dk\/da\/wp-json\/wp\/v2\/medarbejder\/11163"}],"wp:featuredmedia":[{"embeddable":true,"href":"https:\/\/shop.growdesign.dk\/da\/wp-json\/wp\/v2\/media\/51316"}],"wp:attachment":[{"href":"https:\/\/shop.growdesign.dk\/da\/wp-json\/wp\/v2\/media?parent=504552"}],"wp:term":[{"taxonomy":"product_brand","embeddable":true,"href":"https:\/\/shop.growdesign.dk\/da\/wp-json\/wp\/v2\/product_brand?post=504552"},{"taxonomy":"product_cat","embeddable":true,"href":"https:\/\/shop.growdesign.dk\/da\/wp-json\/wp\/v2\/product_cat?post=504552"},{"taxonomy":"product_tag","embeddable":true,"href":"https:\/\/shop.growdesign.dk\/da\/wp-json\/wp\/v2\/product_tag?post=504552"}],"curies":[{"name":"wp","href":"https:\/\/api.w.org\/{rel}","templated":true}]}}