{"id":3,"date":"2024-08-24T09:49:41","date_gmt":"2024-08-24T07:49:41","guid":{"rendered":"http:\/\/new.silkeplanter.dk\/?page_id=3"},"modified":"2025-06-02T06:23:32","modified_gmt":"2025-06-02T04:23:32","slug":"privacypolicy","status":"publish","type":"page","link":"https:\/\/shop.growdesign.dk\/en\/privatlivspolitik\/","title":{"rendered":"Privatlivspolitik"},"content":{"rendered":"<div data-elementor-type=\"wp-page\" data-elementor-id=\"3\" class=\"elementor elementor-3\" data-elementor-post-type=\"page\">\n\t\t\t\t<div class=\"elementor-element elementor-element-6cc8fd87 e-flex e-con-boxed e-con e-parent\" data-id=\"6cc8fd87\" data-element_type=\"container\" data-e-type=\"container\" data-settings=\"{&quot;background_background&quot;:&quot;classic&quot;}\">\n\t\t\t\t\t<div class=\"e-con-inner\">\n\t\t\t\t<div class=\"elementor-element elementor-element-5c240db6 elementor-widget__width-inherit elementor-widget elementor-widget-heading\" data-id=\"5c240db6\" data-element_type=\"widget\" data-e-type=\"widget\" data-widget_type=\"heading.default\">\n\t\t\t\t\t<h2 class=\"elementor-heading-title elementor-size-default\">Cookie and Privacy Policy<\/h2>\t\t\t\t<\/div>\n\t\t\t\t<div class=\"elementor-element elementor-element-6ea44625 elementor-widget elementor-widget-text-editor\" data-id=\"6ea44625\" data-element_type=\"widget\" data-e-type=\"widget\" data-widget_type=\"text-editor.default\">\n\t\t\t\t\t\t\t\t\t<div class=\"wpb_text_column us_custom_0071e1c1 has_text_color\"><div class=\"wpb_wrapper\"><p>N\u00e5r du bes\u00f8ger vores website indsamles der oplysninger om dig, som bruges til at tilpasse og forbedre vores indhold og til at \u00f8ge v\u00e6rdien af de annoncer, der vises p\u00e5 siden. Hvis du ikke \u00f8nsker, at der indsamles oplysninger, b\u00f8r du slette dine cookies (<a href=\"http:\/\/minecookies.org\/cookiehandtering\" target=\"_blank\" rel=\"nofollow noopener\">se vejledning<\/a>) og undlade videre brug af websitet. Nedenfor har vi uddybet, hvilke informationer der indsamles, deres form\u00e5l og hvilke tredjeparter, der har adgang til dem.<\/p><\/div><\/div><div class=\"w-html\"><div><div class=\"CookieDeclaration\" dir=\"ltr\" lang=\"da\"><p class=\"CookieDeclarationDialogText\">Vi bruger cookies p\u00e5 vores hjemmeside. Vi bruger cookies til at tilpasse vores indhold og annoncer, til at vise dig funktioner til sociale medier og til at analysere vores trafik. Vi deler ogs\u00e5 oplysninger om din brug af vores hjemmeside med vores partnere inden for sociale medier, annonceringspartnere og analysepartnere. Vores partnere kan kombinere disse data med andre oplysninger, du har givet dem, eller som de har indsamlet fra din brug af deres tjenester.<\/p><p class=\"CookieDeclarationIntro\">Cookies er sm\u00e5 tekstfiler, som kan bruges af websteder til at g\u00f8re en brugers oplevelse mere effektiv.<br \/><br \/>Loven fastsl\u00e5r, at vi kan gemme cookies p\u00e5 din enhed, hvis de er strengt n\u00f8dvendige for at sikre leveringen af den tjeneste, du udtrykkeligt har anmodet om at bruge. For alle andre typer cookies skal vi indhente dit samtykke.<br \/><br \/>Dette websted bruger forskellige typer af cookies. Nogle cookies s\u00e6ttes af tredjeparts tjenester, der vises p\u00e5 vores sider.<br \/><br \/>Du kan til enhver tid \u00e6ndre eller tilbagetr\u00e6kke dit samtykke fra Cookiedeklarationen p\u00e5 vores hjemmeside.<br \/><br \/>F\u00e5 mere at vide om, hvem vi er, hvordan du kan kontakte os, og hvordan vi behandler persondata i vores Privatlivspolitik.<br \/><br \/>Angiv venligst dit samtykke-ID og -dato, n\u00e5r du kontakter os ang\u00e5ende dit samtykke.<\/p><p>Dit samtykke g\u00e6lder for f\u00f8lgende dom\u00e6ner: growdesign.dk<\/p><\/div><\/div><\/div>\t\t\t\t\t\t\t\t<\/div>\n\t\t\t\t\t<\/div>\n\t\t\t\t<\/div>\n\t\t\t\t<\/div>","protected":false},"excerpt":{"rendered":"<p>Cookie- og privatlivspolitik N\u00e5r du bes\u00f8ger vores website indsamles der oplysninger om dig, som bruges til at tilpasse og forbedre vores indhold og til at \u00f8ge v\u00e6rdien af de annoncer, der vises p\u00e5 siden. Hvis du ikke \u00f8nsker, at der indsamles oplysninger, b\u00f8r du slette dine cookies (se vejledning) og undlade videre brug af websitet. [&hellip;]<\/p>\n","protected":false},"author":1,"featured_media":0,"parent":0,"menu_order":0,"comment_status":"closed","ping_status":"closed","template":"","meta":{"_acf_changed":false,"footnotes":""},"class_list":["post-3","page","type-page","status-publish","hentry"],"acf":[],"_links":{"self":[{"href":"https:\/\/shop.growdesign.dk\/en\/wp-json\/wp\/v2\/pages\/3","targetHints":{"allow":["GET"]}}],"collection":[{"href":"https:\/\/shop.growdesign.dk\/en\/wp-json\/wp\/v2\/pages"}],"about":[{"href":"https:\/\/shop.growdesign.dk\/en\/wp-json\/wp\/v2\/types\/page"}],"author":[{"embeddable":true,"href":"https:\/\/shop.growdesign.dk\/en\/wp-json\/wp\/v2\/users\/1"}],"replies":[{"embeddable":true,"href":"https:\/\/shop.growdesign.dk\/en\/wp-json\/wp\/v2\/comments?post=3"}],"version-history":[{"count":4,"href":"https:\/\/shop.growdesign.dk\/en\/wp-json\/wp\/v2\/pages\/3\/revisions"}],"predecessor-version":[{"id":130243,"href":"https:\/\/shop.growdesign.dk\/en\/wp-json\/wp\/v2\/pages\/3\/revisions\/130243"}],"wp:attachment":[{"href":"https:\/\/shop.growdesign.dk\/en\/wp-json\/wp\/v2\/media?parent=3"}],"curies":[{"name":"wp","href":"https:\/\/api.w.org\/{rel}","templated":true}]}}