{"id":335475,"date":"2025-09-30T08:44:51","date_gmt":"2025-09-30T06:44:51","guid":{"rendered":"https:\/\/shop.growdesign.dk\/item\/auckland-black-set-3\/"},"modified":"2026-05-01T16:01:31","modified_gmt":"2026-05-01T14:01:31","slug":"auckland-black-set-3","status":"publish","type":"product","link":"https:\/\/shop.growdesign.dk\/en\/item\/auckland-black-set-3\/","title":{"rendered":"Auckland Black Set 3"},"content":{"rendered":"<p>10 years guarantee &#8211; incl drain and integrated pot feet<br \/>\nFiberglas krukke til outdoor, 10 \u00e5rs garanti p\u00e5 krukken,<br \/>\noverfladen er glat mat svagt nisteret<br \/>\nKrukken er med integrerede f\u00f8dder og dr\u00e6n<br \/>\nDia 49 H38,5cm<br \/>\nDia 36 H28cm<br \/>\nDia 25 H19,5cm<\/p>","protected":false},"excerpt":{"rendered":"<p>10 years guarantee &#8211; incl drain and integrated pot feet Fiberglas krukke til outdoor, 10 \u00e5rs garanti p\u00e5 krukken, overfladen er glat mat svagt nisteret Krukken er med integrerede f\u00f8dder og dr\u00e6n Dia 49 H38,5cm Dia 36 H28cm Dia 25 H19,5cm<\/p>","protected":false},"featured_media":477940,"template":"","meta":{"_acf_changed":false},"product_brand":[2807],"product_cat":[1094],"product_tag":[],"class_list":{"0":"post-335475","1":"product","2":"type-product","3":"status-publish","4":"has-post-thumbnail","6":"product_brand-franoma-natureline","7":"product_cat-alle-krukker","8":"pa_farve-sort","9":"pa_form-konisk","10":"pa_materiale-glasfiber","11":"pa_overflade-mat","12":"pa_placering-indendoers","13":"pa_placering-udendoers","14":"pa_struktur-glat","16":"first","17":"instock","18":"taxable","19":"shipping-taxable","20":"product-type-simple"},"acf":{"medarbejder":[11163],"shipping_info":"","delivery_info":"10","backorder_qty":"","backorder_date":null},"_links":{"self":[{"href":"https:\/\/shop.growdesign.dk\/en\/wp-json\/wp\/v2\/product\/335475","targetHints":{"allow":["GET"]}}],"collection":[{"href":"https:\/\/shop.growdesign.dk\/en\/wp-json\/wp\/v2\/product"}],"about":[{"href":"https:\/\/shop.growdesign.dk\/en\/wp-json\/wp\/v2\/types\/product"}],"version-history":[{"count":3,"href":"https:\/\/shop.growdesign.dk\/en\/wp-json\/wp\/v2\/product\/335475\/revisions"}],"predecessor-version":[{"id":484106,"href":"https:\/\/shop.growdesign.dk\/en\/wp-json\/wp\/v2\/product\/335475\/revisions\/484106"}],"acf:post":[{"embeddable":true,"href":"https:\/\/shop.growdesign.dk\/en\/wp-json\/wp\/v2\/medarbejder\/11163"}],"wp:featuredmedia":[{"embeddable":true,"href":"https:\/\/shop.growdesign.dk\/en\/wp-json\/wp\/v2\/media\/477940"}],"wp:attachment":[{"href":"https:\/\/shop.growdesign.dk\/en\/wp-json\/wp\/v2\/media?parent=335475"}],"wp:term":[{"taxonomy":"product_brand","embeddable":true,"href":"https:\/\/shop.growdesign.dk\/en\/wp-json\/wp\/v2\/product_brand?post=335475"},{"taxonomy":"product_cat","embeddable":true,"href":"https:\/\/shop.growdesign.dk\/en\/wp-json\/wp\/v2\/product_cat?post=335475"},{"taxonomy":"product_tag","embeddable":true,"href":"https:\/\/shop.growdesign.dk\/en\/wp-json\/wp\/v2\/product_tag?post=335475"}],"curies":[{"name":"wp","href":"https:\/\/api.w.org\/{rel}","templated":true}]}}