{"id":39122,"date":"2025-05-20T20:30:25","date_gmt":"2025-05-20T18:30:25","guid":{"rendered":"https:\/\/shop.growdesign.dk\/item\/heavy-rim-antik-terracotta-italy-3\/"},"modified":"2025-10-28T11:42:47","modified_gmt":"2025-10-28T10:42:47","slug":"heavy-rim-antik-terracotta-italy-3","status":"publish","type":"product","link":"https:\/\/shop.growdesign.dk\/en\/item\/heavy-rim-antik-terracotta-italy-3\/","title":{"rendered":"Heavy Rim Antik Terracotta Italy"},"content":{"rendered":"<p>Terracotta Heavy Rim \u00d856cm &#8211; Made in \u00cdtaly hole in buttom<br \/>\nTerracotta Heavy Rim \u00d856cm &#8211; Italienske Krukker med Hul i bunden <\/p>","protected":false},"excerpt":{"rendered":"<p>Terracotta Heavy Rim \u00d856cm &#8211; Made in \u00cdtaly hole in buttom Terracotta Heavy Rim \u00d856cm &#8211; Italienske Krukker med Hul i bunden<\/p>","protected":false},"featured_media":420864,"template":"","meta":{"_acf_changed":false},"product_brand":[],"product_cat":[1094],"product_tag":[],"class_list":{"0":"post-39122","1":"product","2":"type-product","3":"status-publish","4":"has-post-thumbnail","6":"product_cat-alle-krukker","7":"pa_farve-terracotta","8":"pa_overflade-antik","9":"pa_placering-indendoers","10":"pa_placering-udendoers","12":"first","13":"outofstock","14":"taxable","15":"shipping-taxable","16":"product-type-simple"},"acf":{"medarbejder":[11163],"shipping_info":"","delivery_info":"1","backorder_qty":"","backorder_date":null},"_links":{"self":[{"href":"https:\/\/shop.growdesign.dk\/en\/wp-json\/wp\/v2\/product\/39122","targetHints":{"allow":["GET"]}}],"collection":[{"href":"https:\/\/shop.growdesign.dk\/en\/wp-json\/wp\/v2\/product"}],"about":[{"href":"https:\/\/shop.growdesign.dk\/en\/wp-json\/wp\/v2\/types\/product"}],"version-history":[{"count":1,"href":"https:\/\/shop.growdesign.dk\/en\/wp-json\/wp\/v2\/product\/39122\/revisions"}],"predecessor-version":[{"id":46941,"href":"https:\/\/shop.growdesign.dk\/en\/wp-json\/wp\/v2\/product\/39122\/revisions\/46941"}],"acf:post":[{"embeddable":true,"href":"https:\/\/shop.growdesign.dk\/en\/wp-json\/wp\/v2\/medarbejder\/11163"}],"wp:featuredmedia":[{"embeddable":true,"href":"https:\/\/shop.growdesign.dk\/en\/wp-json\/wp\/v2\/media\/420864"}],"wp:attachment":[{"href":"https:\/\/shop.growdesign.dk\/en\/wp-json\/wp\/v2\/media?parent=39122"}],"wp:term":[{"taxonomy":"product_brand","embeddable":true,"href":"https:\/\/shop.growdesign.dk\/en\/wp-json\/wp\/v2\/product_brand?post=39122"},{"taxonomy":"product_cat","embeddable":true,"href":"https:\/\/shop.growdesign.dk\/en\/wp-json\/wp\/v2\/product_cat?post=39122"},{"taxonomy":"product_tag","embeddable":true,"href":"https:\/\/shop.growdesign.dk\/en\/wp-json\/wp\/v2\/product_tag?post=39122"}],"curies":[{"name":"wp","href":"https:\/\/api.w.org\/{rel}","templated":true}]}}