{"id":39993,"date":"2025-05-20T20:40:56","date_gmt":"2025-05-20T18:40:56","guid":{"rendered":"https:\/\/shop.growdesign.dk\/item\/basket-round-rattan-s-4\/"},"modified":"2026-04-29T20:41:56","modified_gmt":"2026-04-29T18:41:56","slug":"basket-round-rattan-s-4","status":"publish","type":"product","link":"https:\/\/shop.growdesign.dk\/en\/item\/basket-round-rattan-s-4\/","title":{"rendered":"Basket Round Rattan S\/4"},"content":{"rendered":"<p>Round Basket Rattan Set \/ 4 incl. plastic lining<br \/>\n\u00d850H50 &#8211; \u00d840H40 &#8211; \u00d830H30 &#8211; \u00d820H20 cm<br \/>\nRund Kurv Rattan s\u00e6t\/4 incl plastin indsats &#8211; str. \u00d850H50 &#8211; \u00d840H40 &#8211; \u00d830H30 &#8211; \u00d820H20 cm\/4 incl plastin indsats &#8211; str. \u00d850H50 &#8211; \u00d840H40 &#8211; \u00d830H30 &#8211; \u00d820H20 cm<\/p>","protected":false},"excerpt":{"rendered":"<p>Round Basket Rattan Set \/ 4 incl. plastic lining \u00d850H50 &#8211; \u00d840H40 &#8211; \u00d830H30 &#8211; \u00d820H20 cm Rund Kurv Rattan s\u00e6t\/4 incl plastin indsats &#8211; str. \u00d850H50 &#8211; \u00d840H40 &#8211; \u00d830H30 &#8211; \u00d820H20 cm\/4 incl plastin indsats &#8211; str. \u00d850H50 &#8211; \u00d840H40 &#8211; \u00d830H30 &#8211; \u00d820H20 cm<\/p>","protected":false},"featured_media":490736,"template":"","meta":{"_acf_changed":false},"product_brand":[],"product_cat":[1094,1096],"product_tag":[],"class_list":{"0":"post-39993","1":"product","2":"type-product","3":"status-publish","4":"has-post-thumbnail","6":"product_cat-alle-krukker","7":"product_cat-kurve","8":"pa_farve-rattan","9":"pa_form-rund","10":"pa_materiale-rattan","11":"pa_placering-indendoers","12":"pa_placering-udendoers","14":"first","15":"instock","16":"sale","17":"taxable","18":"shipping-taxable","19":"product-type-simple"},"acf":{"medarbejder":[11163],"shipping_info":"","delivery_info":"10","backorder_qty":"","backorder_date":null},"_links":{"self":[{"href":"https:\/\/shop.growdesign.dk\/en\/wp-json\/wp\/v2\/product\/39993","targetHints":{"allow":["GET"]}}],"collection":[{"href":"https:\/\/shop.growdesign.dk\/en\/wp-json\/wp\/v2\/product"}],"about":[{"href":"https:\/\/shop.growdesign.dk\/en\/wp-json\/wp\/v2\/types\/product"}],"version-history":[{"count":1,"href":"https:\/\/shop.growdesign.dk\/en\/wp-json\/wp\/v2\/product\/39993\/revisions"}],"predecessor-version":[{"id":47808,"href":"https:\/\/shop.growdesign.dk\/en\/wp-json\/wp\/v2\/product\/39993\/revisions\/47808"}],"acf:post":[{"embeddable":true,"href":"https:\/\/shop.growdesign.dk\/en\/wp-json\/wp\/v2\/medarbejder\/11163"}],"wp:featuredmedia":[{"embeddable":true,"href":"https:\/\/shop.growdesign.dk\/en\/wp-json\/wp\/v2\/media\/490736"}],"wp:attachment":[{"href":"https:\/\/shop.growdesign.dk\/en\/wp-json\/wp\/v2\/media?parent=39993"}],"wp:term":[{"taxonomy":"product_brand","embeddable":true,"href":"https:\/\/shop.growdesign.dk\/en\/wp-json\/wp\/v2\/product_brand?post=39993"},{"taxonomy":"product_cat","embeddable":true,"href":"https:\/\/shop.growdesign.dk\/en\/wp-json\/wp\/v2\/product_cat?post=39993"},{"taxonomy":"product_tag","embeddable":true,"href":"https:\/\/shop.growdesign.dk\/en\/wp-json\/wp\/v2\/product_tag?post=39993"}],"curies":[{"name":"wp","href":"https:\/\/api.w.org\/{rel}","templated":true}]}}